{"id":282,"date":"2020-05-16T12:21:36","date_gmt":"2020-05-16T12:21:36","guid":{"rendered":"https:\/\/www.lichtbild.nrw\/?page_id=282"},"modified":"2022-11-12T22:39:25","modified_gmt":"2022-11-12T21:39:25","slug":"impressum","status":"publish","type":"page","link":"https:\/\/www.lichtbild.nrw\/?page_id=282","title":{"rendered":"Impressum"},"content":{"rendered":"<div  class=\"tatsu-hq2kg__dBP tatsu-section  tatsu-bg-overlay   tatsu-clearfix\" data-title=\"\"  data-headerscheme=\"background--dark\"><div class='tatsu-section-pad clearfix' data-padding='{\"d\":\"45px 0px 0px 0px\"}' data-padding-top='45px'><div class=\"tatsu-row-wrap  tatsu-wrap tatsu-row-has-one-half tatsu-row-has-two-cols tatsu-medium-gutter tatsu-reg-cols  tatsu-clearfix tatsu-Ly1OBfgRYr\" ><div  class=\"tatsu-row \" ><div  class=\"tatsu-column  tatsu-bg-overlay tatsu-one-half tatsu-column-image-none tatsu-column-effect-none  tatsu-MGxbU9TG_\"  data-parallax-speed=\"0\" style=\"\"><div class=\"tatsu-column-inner \" ><div class=\"tatsu-column-pad-wrap\"><div class=\"tatsu-column-pad\" ><div  class=\"tatsu-module tatsu-text-block-wrap tatsu-u6fNPnTlA  \"><div class=\"tatsu-text-inner tatsu-align-center  clearfix\" ><style>.tatsu-u6fNPnTlA.tatsu-text-block-wrap .tatsu-text-inner{width: 100%;text-align: left;}<\/style>\n<p>\u00a0<\/p>\n<p>\u00a0<\/p>\n<p>\u00a0<\/p>\n<p>\u00a0<\/p>\n<p>\u00a0<\/p>\n<p>\u00a0<\/p>\n<p>\u00a0<\/p>\n<p>\u00a0<\/p>\n<p>\u00a0<\/p>\n<p>\u00a0<\/p>\n<\/div><\/div><div  class=\"tatsu-module tatsu-inline-text clearfix tatsu-T4Rjcv93q   \" ><style>.tatsu-T4Rjcv93q .tatsu-inline-text-inner{width: 100%;text-align: left;}.tatsu-T4Rjcv93q.tatsu-inline-text{margin: 0px 0px 15px 0px;}@media only screen and (max-width: 767px) {.tatsu-T4Rjcv93q .tatsu-inline-text-inner{width: 100%;}}<\/style><div class=\"tatsu-inline-text-inner tatsu-align-center\">\n<h5>Verantwortlich f\u00fcr den Inhalt nach \u00a7 55 Abs. 2 RStV<\/h5>\n<\/div><\/div><div  class=\"tatsu-module tatsu-inline-text clearfix tatsu-IPZkEaK-0   \" ><style>.tatsu-IPZkEaK-0 .tatsu-inline-text-inner{width: 100%;text-align: left;}@media only screen and (max-width: 767px) {.tatsu-IPZkEaK-0 .tatsu-inline-text-inner{width: 100%;}}<\/style><div class=\"tatsu-inline-text-inner tatsu-align-center\">\n<p>Sebastian Br&uuml;chner<br \/>Leienstra&szlig;e 7<br \/>40789 Monheim am Rhein<\/p>\n<\/div><\/div><div  class=\"tatsu-module tatsu-inline-text clearfix tatsu-fdiMUwqRE   \" ><style>.tatsu-fdiMUwqRE .tatsu-inline-text-inner{width: 100%;text-align: left;}.tatsu-fdiMUwqRE.tatsu-inline-text{margin: 0px 0px 15px 0px;}@media only screen and (max-width: 767px) {.tatsu-fdiMUwqRE .tatsu-inline-text-inner{width: 100%;}}<\/style><div class=\"tatsu-inline-text-inner tatsu-align-center\">\n<h5>EU-Streitschlichtung<\/h5>\n<\/div><\/div><div  class=\"tatsu-module tatsu-inline-text clearfix tatsu-IrKI_PTO0   \" ><style>.tatsu-IrKI_PTO0 .tatsu-inline-text-inner{width: 100%;text-align: left;}@media only screen and (max-width: 767px) {.tatsu-IrKI_PTO0 .tatsu-inline-text-inner{width: 100%;}}<\/style><div class=\"tatsu-inline-text-inner tatsu-align-center\">\n<p>Die Europ\u00e4ische Kommission stellt eine Plattform zur Online-Streitbeilegung (OS) bereit:<br \/><a href=\"https:\/\/ec.europa.eu\/consumers\/odr\" target=\"_blank\" rel=\"noopener noreferrer\"><span class=\"tatsu-inline-link-style2 \">https:\/\/ec.europa.eu\/consumers\/odr.<\/span><\/a><br \/>Unsere E-Mail-Adresse finden Sie oben im Impressum.<\/p>\n<\/div><\/div><div  class=\"tatsu-module tatsu-inline-text clearfix tatsu-jO1kG8dsQ   \" ><style>.tatsu-jO1kG8dsQ .tatsu-inline-text-inner{width: 100%;text-align: left;}.tatsu-jO1kG8dsQ.tatsu-inline-text{margin: 0px 0px 15px 0px;}@media only screen and (max-width: 767px) {.tatsu-jO1kG8dsQ .tatsu-inline-text-inner{width: 100%;}}<\/style><div class=\"tatsu-inline-text-inner tatsu-align-center\">\n<h5>Verbraucherstreitbeilegung\/Universalschlichtungsstelle<\/h5>\n<\/div><\/div><div  class=\"tatsu-module tatsu-inline-text clearfix tatsu-dIAUks2iO   \" ><style>.tatsu-dIAUks2iO .tatsu-inline-text-inner{width: 100%;text-align: left;}@media only screen and (max-width: 767px) {.tatsu-dIAUks2iO .tatsu-inline-text-inner{width: 100%;}}<\/style><div class=\"tatsu-inline-text-inner tatsu-align-center\">\n<p>Wir sind nicht bereit oder verpflichtet, an Streitbeilegungsverfahren vor einer Verbraucherschlichtungsstelle teilzunehmen.<\/p>\n<\/div><\/div><div  class=\"tatsu-module tatsu-inline-text clearfix tatsu-9TyaiW4NL   \" ><style>.tatsu-9TyaiW4NL .tatsu-inline-text-inner{width: 100%;text-align: left;}.tatsu-9TyaiW4NL.tatsu-inline-text{margin: 0px 0px 15px 0px;}@media only screen and (max-width: 767px) {.tatsu-9TyaiW4NL .tatsu-inline-text-inner{width: 100%;}}<\/style><div class=\"tatsu-inline-text-inner tatsu-align-center\">\n<h5>Haftung f\u00fcr Inhalte<\/h5>\n<\/div><\/div><div  class=\"tatsu-module tatsu-inline-text clearfix tatsu-C4X2lLK1-   \" ><style>.tatsu-C4X2lLK1- .tatsu-inline-text-inner{width: 100%;text-align: left;}@media only screen and (max-width: 767px) {.tatsu-C4X2lLK1- .tatsu-inline-text-inner{width: 100%;}}<\/style><div class=\"tatsu-inline-text-inner tatsu-align-center\">\n<p>Als Diensteanbieter sind wir gem\u00e4\u00df \u00a7 7 Abs.1 TMG f\u00fcr eigene Inhalte auf diesen Seiten nach den allgemeinen Gesetzen verantwortlich. Nach \u00a7\u00a7 8 bis 10 TMG sind wir als Diensteanbieter jedoch nicht verpflichtet, \u00fcbermittelte oder gespeicherte fremde Informationen zu \u00fcberwachen oder nach Umst\u00e4nden zu forschen, die auf eine rechtswidrige T\u00e4tigkeit hinweisen.<\/p>\n<p><span style=\"line-height: 10px;\">Verpflichtungen zur Entfernung oder Sperrung der Nutzung von Informationen nach den allgemeinen Gesetzen bleiben hiervon unber\u00fchrt. Eine diesbez\u00fcgliche Haftung ist jedoch erst ab dem Zeitpunkt der Kenntnis einer konkreten Rechtsverletzung m\u00f6glich. <\/span>Bei Bekanntwerden von entsprechenden Rechtsverletzungen werden wir diese Inhalte umgehend entfernen.<\/p>\n<\/div><\/div><div  class=\"tatsu-module tatsu-inline-text clearfix tatsu-JW0Pza9ux   \" ><style>.tatsu-JW0Pza9ux .tatsu-inline-text-inner{width: 100%;text-align: left;}.tatsu-JW0Pza9ux.tatsu-inline-text{margin: 0px 0px 15px 0px;}@media only screen and (max-width: 767px) {.tatsu-JW0Pza9ux .tatsu-inline-text-inner{width: 100%;}}<\/style><div class=\"tatsu-inline-text-inner tatsu-align-center\">\n<h5>Haftung f\u00fcr Links<\/h5>\n<\/div><\/div><div  class=\"tatsu-module tatsu-inline-text clearfix tatsu-qmQkEoQdw   \" ><style>.tatsu-qmQkEoQdw .tatsu-inline-text-inner{width: 100%;text-align: left;}@media only screen and (max-width: 767px) {.tatsu-qmQkEoQdw .tatsu-inline-text-inner{width: 100%;}}<\/style><div class=\"tatsu-inline-text-inner tatsu-align-center\">\n<p>Unser Angebot enth\u00e4lt Links zu externen Websites Dritter, auf deren Inhalte wir keinen Einfluss haben. Deshalb k\u00f6nnen wir f\u00fcr diese fremden Inhalte auch keine Gew\u00e4hr \u00fcbernehmen. F\u00fcr die Inhalte der verlinkten Seiten ist stets der jeweilige Anbieter oder Betreiber der Seiten verantwortlich. Die verlinkten Seiten wurden zum Zeitpunkt der Verlinkung auf m\u00f6gliche Rechtsverst\u00f6\u00dfe \u00fcberpr\u00fcft. Rechtswidrige Inhalte waren zum Zeitpunkt der Verlinkung nicht erkennbar.<\/p>\n<p>Eine permanente inhaltliche Kontrolle der verlinkten Seiten ist jedoch ohne konkrete Anhaltspunkte einer Rechtsverletzung nicht zumutbar. Bei Bekanntwerden von Rechtsverletzungen werden wir derartige Links umgehend entfernen.<\/p>\n<\/div><\/div><div  class=\"tatsu-module tatsu-inline-text clearfix tatsu-f-sgFrtJ0   \" ><style>.tatsu-f-sgFrtJ0 .tatsu-inline-text-inner{width: 100%;text-align: left;}.tatsu-f-sgFrtJ0.tatsu-inline-text{margin: 0px 0px 15px 0px;}@media only screen and (max-width: 767px) {.tatsu-f-sgFrtJ0 .tatsu-inline-text-inner{width: 100%;}}<\/style><div class=\"tatsu-inline-text-inner tatsu-align-center\">\n<h5>Urheberrecht<\/h5>\n<\/div><\/div><div  class=\"tatsu-module tatsu-inline-text clearfix tatsu-MmU9SlVDa   \" ><style>.tatsu-MmU9SlVDa .tatsu-inline-text-inner{width: 100%;text-align: left;}@media only screen and (max-width: 767px) {.tatsu-MmU9SlVDa .tatsu-inline-text-inner{width: 100%;}}<\/style><div class=\"tatsu-inline-text-inner tatsu-align-center\">\n<p>Die durch die Seitenbetreiber erstellten Inhalte und Werke auf diesen Seiten unterliegen dem deutschen Urheberrecht. Die Vervielf\u00e4ltigung, Bearbeitung, Verbreitung und jede Art der Verwertung au\u00dferhalb der Grenzen des Urheberrechtes bed\u00fcrfen der schriftlichen Zustimmung des jeweiligen Autors bzw. Erstellers. Downloads und Kopien dieser Seite sind nur f\u00fcr den privaten, nicht kommerziellen Gebrauch gestattet.<\/p>\n<p>Soweit die Inhalte auf dieser Seite nicht vom Betreiber erstellt wurden, werden die Urheberrechte Dritter beachtet. Insbesondere werden Inhalte Dritter als solche gekennzeichnet. Sollten Sie trotzdem auf eine Urheberrechtsverletzung aufmerksam werden, bitten wir um einen entsprechenden Hinweis. Bei Bekanntwerden von Rechtsverletzungen werden wir derartige Inhalte umgehend entfernen.<\/p>\n<\/div><\/div><div  class=\"tatsu-module tatsu-inline-text clearfix tatsu-kxTYOJ4Dr   \" ><style>.tatsu-kxTYOJ4Dr .tatsu-inline-text-inner{width: 100%;text-align: left;}.tatsu-kxTYOJ4Dr.tatsu-inline-text{margin: 0px 0px 5px 0px;}@media only screen and (max-width: 767px) {.tatsu-kxTYOJ4Dr .tatsu-inline-text-inner{width: 100%;}}<\/style><div class=\"tatsu-inline-text-inner tatsu-align-center\">\n<h5>Quelle:<\/h5>\n<\/div><\/div><div  class=\"tatsu-module tatsu-inline-text clearfix tatsu-mlhsEeaJn   \" ><style>.tatsu-mlhsEeaJn .tatsu-inline-text-inner{width: 100%;text-align: left;}@media only screen and (max-width: 767px) {.tatsu-mlhsEeaJn .tatsu-inline-text-inner{width: 100%;}}<\/style><div class=\"tatsu-inline-text-inner tatsu-align-center\">\n<p><a href=\"https:\/\/e-recht24.de\" target=\"_blank\" rel=\"noopener noreferrer\"><span class=\"tatsu-inline-link-style2\">e-recht24.de<\/span><\/a><\/p>\n<\/div><\/div><\/div><\/div><div class = \"tatsu-column-bg-image-wrap\"><div class = \"tatsu-column-bg-image\" ><\/div><\/div><div class=\"tatsu-overlay tatsu-column-overlay tatsu-animate-none\" ><\/div><\/div><style>.tatsu-row > .tatsu-MGxbU9TG_.tatsu-column{width: 42.5%;}.tatsu-MGxbU9TG_.tatsu-column > .tatsu-column-inner > .tatsu-column-overlay{mix-blend-mode: normal;}.tatsu-MGxbU9TG_ > .tatsu-column-inner > .tatsu-top-divider{z-index: 9999;}.tatsu-MGxbU9TG_ > .tatsu-column-inner > .tatsu-bottom-divider{z-index: 9999;}.tatsu-MGxbU9TG_ > .tatsu-column-inner > .tatsu-left-divider{z-index: 9999;}.tatsu-MGxbU9TG_ > .tatsu-column-inner > .tatsu-right-divider{z-index: 9999;}@media only screen and (max-width:1377px) {.tatsu-row > .tatsu-MGxbU9TG_.tatsu-column{width: 50%;}}@media only screen and (min-width:768px) and (max-width: 1024px) {.tatsu-row > .tatsu-MGxbU9TG_.tatsu-column{width: 50%;}}@media only screen and (max-width: 767px) {.tatsu-row > .tatsu-MGxbU9TG_.tatsu-column{width: 100%;}}<\/style><\/div><div  class=\"tatsu-column  tatsu-bg-overlay tatsu-one-half tatsu-column-image-none tatsu-column-effect-none  tatsu-mn57VMEQ63\"  data-parallax-speed=\"0\" style=\"\"><div class=\"tatsu-column-inner \" ><div class=\"tatsu-column-pad-wrap\"><div class=\"tatsu-column-pad\" ><div  class=\"tatsu-module tatsu-inline-text clearfix tatsu-wMeawUIIi   \" ><style>.tatsu-wMeawUIIi .tatsu-inline-text-inner{width: 100%;text-align: left;}@media only screen and (max-width: 767px) {.tatsu-wMeawUIIi .tatsu-inline-text-inner{width: 100%;}}<\/style><div class=\"tatsu-inline-text-inner tatsu-align-center\">\n<h4>Impressum<\/h4>\n<\/div><\/div><div  class=\"tatsu-module tatsu-inline-text clearfix tatsu-HrqbpWb_a   \" ><style>.tatsu-HrqbpWb_a .tatsu-inline-text-inner{width: 100%;text-align: left;}.tatsu-HrqbpWb_a.tatsu-inline-text{margin: 0px 0px 5px 0px;}@media only screen and (max-width: 767px) {.tatsu-HrqbpWb_a .tatsu-inline-text-inner{width: 100%;}}<\/style><div class=\"tatsu-inline-text-inner tatsu-align-center\">\n<h5>Angaben gem\u00e4\u00df \u00a7 5 TMG<\/h5>\n<\/div><\/div><div  class=\"tatsu-module tatsu-inline-text clearfix tatsu-AIqnszJIv   \" ><style>.tatsu-AIqnszJIv .tatsu-inline-text-inner{width: 100%;text-align: left;}@media only screen and (max-width: 767px) {.tatsu-AIqnszJIv .tatsu-inline-text-inner{width: 100%;}}<\/style><div class=\"tatsu-inline-text-inner tatsu-align-center\">\n<p>Lichtbild NRW (GbR)<br \/>Albrechtplatz 24<br \/>47799 Krefeld<\/p>\n<\/div><\/div><div  class=\"tatsu-module tatsu-inline-text clearfix tatsu-P5dYM7sUd   \" ><style>.tatsu-P5dYM7sUd .tatsu-inline-text-inner{width: 100%;text-align: left;}.tatsu-P5dYM7sUd.tatsu-inline-text{margin: 0px 0px 5px 0px;}@media only screen and (max-width: 767px) {.tatsu-P5dYM7sUd .tatsu-inline-text-inner{width: 100%;}}<\/style><div class=\"tatsu-inline-text-inner tatsu-align-center\">\n<h5>Vertreten durch:<\/h5>\n<\/div><\/div><div  class=\"tatsu-module tatsu-inline-text clearfix tatsu-SxM3ZEYwB   \" ><style>.tatsu-SxM3ZEYwB .tatsu-inline-text-inner{width: 100%;text-align: left;}@media only screen and (max-width: 767px) {.tatsu-SxM3ZEYwB .tatsu-inline-text-inner{width: 100%;}}<\/style><div class=\"tatsu-inline-text-inner tatsu-align-center\">\n<p>Sebastian Br\u00fcchner und Rainer Lamers<\/p>\n<\/div><\/div><div  class=\"tatsu-module tatsu-inline-text clearfix tatsu-evU48pfU7   \" ><style>.tatsu-evU48pfU7 .tatsu-inline-text-inner{width: 100%;text-align: left;}.tatsu-evU48pfU7.tatsu-inline-text{margin: 0px 0px 15px 0px;}@media only screen and (max-width: 767px) {.tatsu-evU48pfU7 .tatsu-inline-text-inner{width: 100%;}}<\/style><div class=\"tatsu-inline-text-inner tatsu-align-center\">\n<h5>Kontakt<\/h5>\n<\/div><\/div><div  class=\"tatsu-module tatsu-inline-text clearfix tatsu-5XJNcAXNi   \" ><style>.tatsu-5XJNcAXNi .tatsu-inline-text-inner{width: 100%;text-align: left;}.tatsu-5XJNcAXNi.tatsu-inline-text{margin: 0px 0px 0px 0px;}@media only screen and (max-width: 767px) {.tatsu-5XJNcAXNi .tatsu-inline-text-inner{width: 100%;}}<\/style><div class=\"tatsu-inline-text-inner tatsu-align-center\">\n<p>Telefon: +49-2151-47995-80<br \/>Telefax: +49-2151-47995-89<\/p>\n<\/div><\/div><div id = \"\" class=\"tatsu-code tatsu-module tatsu-Q3bwGtwrL   \"  >\n<p>E-Mail: <a href=\"&#x6d;&#97;&#x69;&#x6c;&#116;&#x6f;&#58;k&#x6f;&#110;t&#x61;&#107;t&#x40;&#108;i&#x63;&#104;&#x74;&#x62;&#105;&#x6c;&#x64;&#46;&#x6e;&#114;w\">kontakt&#64;lichtbild&#46;nrw<\/a><\/p>\n<\/div><\/div><\/div><div class = \"tatsu-column-bg-image-wrap\"><div class = \"tatsu-column-bg-image\" ><\/div><\/div><div class=\"tatsu-overlay tatsu-column-overlay tatsu-animate-none\" ><\/div><\/div><style>.tatsu-row > .tatsu-mn57VMEQ63.tatsu-column{width: 57.5%;}.tatsu-mn57VMEQ63.tatsu-column > .tatsu-column-inner > .tatsu-column-overlay{mix-blend-mode: normal;}.tatsu-mn57VMEQ63 > .tatsu-column-inner > .tatsu-top-divider{z-index: 9999;}.tatsu-mn57VMEQ63 > .tatsu-column-inner > .tatsu-bottom-divider{z-index: 9999;}.tatsu-mn57VMEQ63 > .tatsu-column-inner > .tatsu-left-divider{z-index: 9999;}.tatsu-mn57VMEQ63 > .tatsu-column-inner > .tatsu-right-divider{z-index: 9999;}@media only screen and (max-width:1377px) {.tatsu-row > .tatsu-mn57VMEQ63.tatsu-column{width: 50%;}}@media only screen and (min-width:768px) and (max-width: 1024px) {.tatsu-row > .tatsu-mn57VMEQ63.tatsu-column{width: 50%;}}@media only screen and (max-width: 767px) {.tatsu-row > .tatsu-mn57VMEQ63.tatsu-column{width: 100%;}}<\/style><\/div><\/div><\/div><\/div><div class=\"tatsu-section-background-wrap\"><div class = \"tatsu-section-background\" ><\/div><\/div><div class=\"tatsu-overlay tatsu-section-overlay\"><\/div><style>.tatsu-hq2kg__dBP .tatsu-section-background{background-image: url(https:\/\/www.lichtbild.nrw\/wp-content\/uploads\/2020\/05\/MG_1486-scaled-e1589570917801.jpg);background-repeat: no-repeat;background-attachment: fixed;background-position: top left;background-size: contain;}.tatsu-hq2kg__dBP .tatsu-bg-blur{background-repeat: no-repeat;background-attachment: fixed;background-position: top left;background-size: contain;}.tatsu-hq2kg__dBP .tatsu-section-pad{padding: 45px 0px 0px 0px;}.tatsu-hq2kg__dBP .tatsu-section-offset-wrap{transform: translateY(-0px);}.tatsu-hq2kg__dBP > .tatsu-bottom-divider{z-index: 9999;}.tatsu-hq2kg__dBP > .tatsu-top-divider{z-index: 9999;}.tatsu-hq2kg__dBP .tatsu-section-overlay{mix-blend-mode: normal;}<\/style><\/div>\n","protected":false},"excerpt":{"rendered":"<p><a href=\"https:\/\/www.lichtbild.nrw\/?page_id=282\" class=\"more-link style1-button\">Read More<\/a><\/p>","protected":false},"author":1,"featured_media":0,"parent":0,"menu_order":0,"comment_status":"closed","ping_status":"closed","template":"","meta":{"footnotes":""},"class_list":["post-282","page","type-page","status-publish","hentry"],"_links":{"self":[{"href":"https:\/\/www.lichtbild.nrw\/index.php?rest_route=\/wp\/v2\/pages\/282","targetHints":{"allow":["GET"]}}],"collection":[{"href":"https:\/\/www.lichtbild.nrw\/index.php?rest_route=\/wp\/v2\/pages"}],"about":[{"href":"https:\/\/www.lichtbild.nrw\/index.php?rest_route=\/wp\/v2\/types\/page"}],"author":[{"embeddable":true,"href":"https:\/\/www.lichtbild.nrw\/index.php?rest_route=\/wp\/v2\/users\/1"}],"replies":[{"embeddable":true,"href":"https:\/\/www.lichtbild.nrw\/index.php?rest_route=%2Fwp%2Fv2%2Fcomments&post=282"}],"version-history":[{"count":37,"href":"https:\/\/www.lichtbild.nrw\/index.php?rest_route=\/wp\/v2\/pages\/282\/revisions"}],"predecessor-version":[{"id":434,"href":"https:\/\/www.lichtbild.nrw\/index.php?rest_route=\/wp\/v2\/pages\/282\/revisions\/434"}],"wp:attachment":[{"href":"https:\/\/www.lichtbild.nrw\/index.php?rest_route=%2Fwp%2Fv2%2Fmedia&parent=282"}],"curies":[{"name":"wp","href":"https:\/\/api.w.org\/{rel}","templated":true}]}}